{"id":1750,"date":"2025-02-26T22:38:56","date_gmt":"2025-02-26T22:38:56","guid":{"rendered":"https:\/\/glendagarcia.mx\/?page_id=1750"},"modified":"2025-02-26T22:45:59","modified_gmt":"2025-02-26T22:45:59","slug":"glenda-garcia-biografia","status":"publish","type":"page","link":"https:\/\/glendagarcia.mx\/index.php\/glenda-garcia-biografia\/","title":{"rendered":"Glenda Garc\u00eda | Biograf\u00eda"},"content":{"rendered":"\t\t<div data-elementor-type=\"wp-page\" data-elementor-id=\"1750\" class=\"elementor elementor-1750\" data-elementor-post-type=\"page\">\n\t\t\t\t\t\t<section class=\"elementor-section elementor-top-section elementor-element elementor-element-b99645a elementor-section-boxed elementor-section-height-default elementor-section-height-default\" data-id=\"b99645a\" data-element_type=\"section\" data-e-type=\"section\">\n\t\t\t\t\t\t<div class=\"elementor-container elementor-column-gap-default\">\n\t\t\t\t\t<div class=\"elementor-column elementor-col-50 elementor-top-column elementor-element elementor-element-78517c0\" data-id=\"78517c0\" data-element_type=\"column\" data-e-type=\"column\">\n\t\t\t<div class=\"elementor-widget-wrap elementor-element-populated\">\n\t\t\t\t\t\t<div class=\"elementor-element elementor-element-0f7ceb0 elementor-widget elementor-widget-image\" data-id=\"0f7ceb0\" data-element_type=\"widget\" data-e-type=\"widget\" data-widget_type=\"image.default\">\n\t\t\t\t<div class=\"elementor-widget-container\">\n\t\t\t\t\t\t\t\t\t\t\t\t\t\t\t<img fetchpriority=\"high\" decoding=\"async\" width=\"817\" height=\"1024\" src=\"https:\/\/glendagarcia.mx\/wp-content\/uploads\/2025\/02\/475468538_1178102900340946_7059085301469598995_n-817x1024.jpg\" class=\"attachment-large size-large wp-image-1740 wp-post-image\" alt=\"\" srcset=\"https:\/\/glendagarcia.mx\/wp-content\/uploads\/2025\/02\/475468538_1178102900340946_7059085301469598995_n-817x1024.jpg 817w, https:\/\/glendagarcia.mx\/wp-content\/uploads\/2025\/02\/475468538_1178102900340946_7059085301469598995_n-239x300.jpg 239w, https:\/\/glendagarcia.mx\/wp-content\/uploads\/2025\/02\/475468538_1178102900340946_7059085301469598995_n-768x963.jpg 768w, https:\/\/glendagarcia.mx\/wp-content\/uploads\/2025\/02\/475468538_1178102900340946_7059085301469598995_n-1225x1536.jpg 1225w, https:\/\/glendagarcia.mx\/wp-content\/uploads\/2025\/02\/475468538_1178102900340946_7059085301469598995_n-570x715.jpg 570w, https:\/\/glendagarcia.mx\/wp-content\/uploads\/2025\/02\/475468538_1178102900340946_7059085301469598995_n-48x60.jpg 48w, https:\/\/glendagarcia.mx\/wp-content\/uploads\/2025\/02\/475468538_1178102900340946_7059085301469598995_n-72x90.jpg 72w, https:\/\/glendagarcia.mx\/wp-content\/uploads\/2025\/02\/475468538_1178102900340946_7059085301469598995_n.jpg 1633w\" sizes=\"(max-width: 817px) 100vw, 817px\" \/>\t\t\t\t\t\t\t\t\t\t\t\t\t\t\t<\/div>\n\t\t\t\t<\/div>\n\t\t\t\t\t<\/div>\n\t\t<\/div>\n\t\t\t\t<div class=\"elementor-column elementor-col-50 elementor-top-column elementor-element elementor-element-b47723b\" data-id=\"b47723b\" data-element_type=\"column\" data-e-type=\"column\">\n\t\t\t<div class=\"elementor-widget-wrap elementor-element-populated\">\n\t\t\t\t\t\t<div class=\"elementor-element elementor-element-fd7ba60 elementor-widget elementor-widget-heading\" data-id=\"fd7ba60\" data-element_type=\"widget\" data-e-type=\"widget\" data-widget_type=\"heading.default\">\n\t\t\t\t<div class=\"elementor-widget-container\">\n\t\t\t\t\t<h2 class=\"elementor-heading-title elementor-size-default\">Glenda Garc\u00eda<\/h2>\t\t\t\t<\/div>\n\t\t\t\t<\/div>\n\t\t\t\t<div class=\"elementor-element elementor-element-319899e elementor-widget elementor-widget-text-editor\" data-id=\"319899e\" data-element_type=\"widget\" data-e-type=\"widget\" data-widget_type=\"text-editor.default\">\n\t\t\t\t<div class=\"elementor-widget-container\">\n\t\t\t\t\t\t\t\t\t<p><span style=\"font-weight: 400;\">Desde su natal Ciudad Acu\u00f1a, Coahuila, M\u00e9xico, Glenda Garc\u00eda ha tejido su vida con la m\u00fasica. Su viaje comenz\u00f3 a los 6 a\u00f1os, guiada por su abuela en los caminos del piano y el canto. A los 13, descubri\u00f3 en la composici\u00f3n un lenguaje personal y poderoso.<\/span><\/p><p><span style=\"font-weight: 400;\">Su formaci\u00f3n en el Instituto Canzion marc\u00f3 un hito crucial, donde conoci\u00f3 a su productor, Erick Acu\u00f1a, quien la impuls\u00f3 a profesionalizar sus composiciones a finales de 2012.<\/span><\/p><p><span style=\"font-weight: 400;\">En marzo de 2014, Glenda irrumpi\u00f3 en la escena musical con &#8220;Mi Diario Vivir&#8221;, un EP de jazz que escal\u00f3 r\u00e1pidamente a los primeros lugares de las listas de \u00e9xitos en diversas radios y medios cristianos. Este debut triunfal fue coronado con el premio al &#8220;EP del A\u00f1o&#8221; en los Premios AMCL 2014.<\/span><\/p><p><span style=\"font-weight: 400;\">Este reconocimiento abri\u00f3 paso a &#8220;Absoluto&#8221;, su primera producci\u00f3n formal, lanzada en Expolit 2015. Este \u00e1lbum, que fusiona pop, jazz, bossa nova y funk, incluye temas de su autor\u00eda y consolid\u00f3 su posici\u00f3n como una cantautora vers\u00e1til y talentosa.<\/span><\/p><p>\u00a0<\/p>\t\t\t\t\t\t\t\t<\/div>\n\t\t\t\t<\/div>\n\t\t\t\t\t<\/div>\n\t\t<\/div>\n\t\t\t\t\t<\/div>\n\t\t<\/section>\n\t\t\t\t<section class=\"elementor-section elementor-top-section elementor-element elementor-element-e7b5896 elementor-section-boxed elementor-section-height-default elementor-section-height-default\" data-id=\"e7b5896\" data-element_type=\"section\" data-e-type=\"section\">\n\t\t\t\t\t\t<div class=\"elementor-container elementor-column-gap-default\">\n\t\t\t\t\t<div class=\"elementor-column elementor-col-50 elementor-top-column elementor-element elementor-element-c713697\" data-id=\"c713697\" data-element_type=\"column\" data-e-type=\"column\">\n\t\t\t<div class=\"elementor-widget-wrap elementor-element-populated\">\n\t\t\t\t\t\t<div class=\"elementor-element elementor-element-59c443e elementor-widget elementor-widget-text-editor\" data-id=\"59c443e\" data-element_type=\"widget\" data-e-type=\"widget\" data-widget_type=\"text-editor.default\">\n\t\t\t\t<div class=\"elementor-widget-container\">\n\t\t\t\t\t\t\t\t\t<p><span style=\"font-weight: 400;\">Glenda Garc\u00eda recibi\u00f3 cuatro nominaciones en los Premios Arpa: \u00c1lbum Vocal Femenino, Lanzamiento del A\u00f1o, \u00c1lbum Independiente y \u00c1lbum de Cantautor, convirti\u00e9ndose en la mujer con m\u00e1s nominaciones junto a Christine D&#8217;Clario. En febrero de 2016, gan\u00f3 el premio a Mejor \u00c1lbum de Cantautor, lo que la llev\u00f3 a una exitosa gira por Centroam\u00e9rica, posicionando sus canciones en los tops de radio en Honduras, Costa Rica y Panam\u00e1.<\/span><\/p><p><span style=\"font-weight: 400;\">En 2017, Glenda lanz\u00f3 &#8220;Souvenir&#8221;, un EP que reinventa himnos cl\u00e1sicos con un toque de jazz y swing, alcanzando m\u00e1s de un mill\u00f3n de visualizaciones y abriendo puertas para presentaciones en Colombia y Ciudad de M\u00e9xico.<\/span><\/p><p><span style=\"font-weight: 400;\">El 2020 trajo consigo &#8220;Perfecto Plan&#8221;, un sencillo nacido de la reflexi\u00f3n tras un dif\u00edcil accidente familiar, record\u00e1ndonos que cada experiencia tiene un prop\u00f3sito.<\/span><\/p><p><span style=\"font-weight: 400;\">En 2021, Glenda present\u00f3 &#8220;Souvenir Vol. II&#8221;, continuando su exploraci\u00f3n de himnos con un estilo \u00fanico. Ambos vol\u00famenes fueron lanzados en formato de vinilo, un homenaje a los amantes de lo cl\u00e1sico.<\/span><\/p><p><span style=\"font-weight: 400;\">La Navidad de 2023 marc\u00f3 su regreso a los medios con himnos navide\u00f1os impregnados de su sello distintivo, destacando arreglos de trompeta, saxof\u00f3n y big band.<\/span><\/p><p><span style=\"font-weight: 400;\">Su sencillo m\u00e1s reciente, &#8220;Llegar\u00e1&#8221;, es una conmovedora pieza acompa\u00f1ada de un video que simboliza la esperanza y la llegada de los sue\u00f1os.<\/span><\/p><p>\u00a0<\/p>\t\t\t\t\t\t\t\t<\/div>\n\t\t\t\t<\/div>\n\t\t\t\t\t<\/div>\n\t\t<\/div>\n\t\t\t\t<div class=\"elementor-column elementor-col-50 elementor-top-column elementor-element elementor-element-42b7853\" data-id=\"42b7853\" data-element_type=\"column\" data-e-type=\"column\">\n\t\t\t<div class=\"elementor-widget-wrap elementor-element-populated\">\n\t\t\t\t\t\t<div class=\"elementor-element elementor-element-690b09b elementor-widget elementor-widget-image\" data-id=\"690b09b\" data-element_type=\"widget\" data-e-type=\"widget\" data-widget_type=\"image.default\">\n\t\t\t\t<div class=\"elementor-widget-container\">\n\t\t\t\t\t\t\t\t\t\t\t\t\t\t\t<img decoding=\"async\" width=\"1884\" height=\"2048\" src=\"https:\/\/glendagarcia.mx\/wp-content\/uploads\/2025\/02\/480183463_1188061279345108_5288420327630695133_n.jpg\" class=\"attachment-full size-full wp-image-1755 wp-post-image\" alt=\"\" srcset=\"https:\/\/glendagarcia.mx\/wp-content\/uploads\/2025\/02\/480183463_1188061279345108_5288420327630695133_n.jpg 1884w, https:\/\/glendagarcia.mx\/wp-content\/uploads\/2025\/02\/480183463_1188061279345108_5288420327630695133_n-276x300.jpg 276w, https:\/\/glendagarcia.mx\/wp-content\/uploads\/2025\/02\/480183463_1188061279345108_5288420327630695133_n-942x1024.jpg 942w, https:\/\/glendagarcia.mx\/wp-content\/uploads\/2025\/02\/480183463_1188061279345108_5288420327630695133_n-768x835.jpg 768w, https:\/\/glendagarcia.mx\/wp-content\/uploads\/2025\/02\/480183463_1188061279345108_5288420327630695133_n-1413x1536.jpg 1413w, https:\/\/glendagarcia.mx\/wp-content\/uploads\/2025\/02\/480183463_1188061279345108_5288420327630695133_n-570x620.jpg 570w, https:\/\/glendagarcia.mx\/wp-content\/uploads\/2025\/02\/480183463_1188061279345108_5288420327630695133_n-55x60.jpg 55w, https:\/\/glendagarcia.mx\/wp-content\/uploads\/2025\/02\/480183463_1188061279345108_5288420327630695133_n-83x90.jpg 83w\" sizes=\"(max-width: 1884px) 100vw, 1884px\" \/>\t\t\t\t\t\t\t\t\t\t\t\t\t\t\t<\/div>\n\t\t\t\t<\/div>\n\t\t\t\t\t<\/div>\n\t\t<\/div>\n\t\t\t\t\t<\/div>\n\t\t<\/section>\n\t\t\t\t<\/div>\n\t\t","protected":false},"excerpt":{"rendered":"<p>Glenda Garc\u00eda Desde su natal Ciudad Acu\u00f1a, Coahuila, M\u00e9xico, Glenda Garc\u00eda ha tejido su vida con la m\u00fasica. Su viaje comenz\u00f3 a los 6 a\u00f1os, guiada por su abuela en los caminos del piano y el canto. A los 13, descubri\u00f3 en la composici\u00f3n un lenguaje personal y poderoso. Su formaci\u00f3n en el Instituto Canzion &#8230;<\/p>\n","protected":false},"author":1,"featured_media":0,"parent":0,"menu_order":0,"comment_status":"closed","ping_status":"closed","template":"","meta":{"om_disable_all_campaigns":false,"_monsterinsights_skip_tracking":false,"_monsterinsights_sitenote_active":false,"_monsterinsights_sitenote_note":"","_monsterinsights_sitenote_category":0,"footnotes":""},"class_list":["post-1750","page","type-page","status-publish","hentry"],"yoast_head":"<!-- This site is optimized with the Yoast SEO Premium plugin v26.8 (Yoast SEO v27.0) - https:\/\/yoast.com\/product\/yoast-seo-premium-wordpress\/ -->\n<title>Glenda Garc\u00eda | Biograf\u00eda - Glenda Garc\u00eda Oficial<\/title>\n<meta name=\"robots\" content=\"index, follow, max-snippet:-1, max-image-preview:large, max-video-preview:-1\" \/>\n<link rel=\"canonical\" href=\"https:\/\/glendagarcia.mx\/index.php\/glenda-garcia-biografia\/\" \/>\n<meta property=\"og:locale\" content=\"es_MX\" \/>\n<meta property=\"og:type\" content=\"article\" \/>\n<meta property=\"og:title\" content=\"Glenda Garc\u00eda | Biograf\u00eda\" \/>\n<meta property=\"og:description\" content=\"Glenda Garc\u00eda Desde su natal Ciudad Acu\u00f1a, Coahuila, M\u00e9xico, Glenda Garc\u00eda ha tejido su vida con la m\u00fasica. Su viaje comenz\u00f3 a los 6 a\u00f1os, guiada por su abuela en los caminos del piano y el canto. A los 13, descubri\u00f3 en la composici\u00f3n un lenguaje personal y poderoso. Su formaci\u00f3n en el Instituto Canzion ...\" \/>\n<meta property=\"og:url\" content=\"https:\/\/glendagarcia.mx\/index.php\/glenda-garcia-biografia\/\" \/>\n<meta property=\"og:site_name\" content=\"Glenda Garc\u00eda Oficial\" \/>\n<meta property=\"article:modified_time\" content=\"2025-02-26T22:45:59+00:00\" \/>\n<meta property=\"og:image\" content=\"http:\/\/glendagarcia.mx\/wp-content\/uploads\/2025\/02\/475468538_1178102900340946_7059085301469598995_n-817x1024.jpg\" \/>\n<meta name=\"twitter:card\" content=\"summary_large_image\" \/>\n<meta name=\"twitter:label1\" content=\"Tiempo de lectura\" \/>\n\t<meta name=\"twitter:data1\" content=\"2 minutos\" \/>\n<script type=\"application\/ld+json\" class=\"yoast-schema-graph\">{\"@context\":\"https:\/\/schema.org\",\"@graph\":[{\"@type\":\"WebPage\",\"@id\":\"https:\/\/glendagarcia.mx\/index.php\/glenda-garcia-biografia\/\",\"url\":\"https:\/\/glendagarcia.mx\/index.php\/glenda-garcia-biografia\/\",\"name\":\"Glenda Garc\u00eda | Biograf\u00eda - Glenda Garc\u00eda Oficial\",\"isPartOf\":{\"@id\":\"https:\/\/glendagarcia.mx\/#website\"},\"primaryImageOfPage\":{\"@id\":\"https:\/\/glendagarcia.mx\/index.php\/glenda-garcia-biografia\/#primaryimage\"},\"image\":{\"@id\":\"https:\/\/glendagarcia.mx\/index.php\/glenda-garcia-biografia\/#primaryimage\"},\"thumbnailUrl\":\"http:\/\/glendagarcia.mx\/wp-content\/uploads\/2025\/02\/475468538_1178102900340946_7059085301469598995_n-817x1024.jpg\",\"datePublished\":\"2025-02-26T22:38:56+00:00\",\"dateModified\":\"2025-02-26T22:45:59+00:00\",\"breadcrumb\":{\"@id\":\"https:\/\/glendagarcia.mx\/index.php\/glenda-garcia-biografia\/#breadcrumb\"},\"inLanguage\":\"es\",\"potentialAction\":[{\"@type\":\"ReadAction\",\"target\":[\"https:\/\/glendagarcia.mx\/index.php\/glenda-garcia-biografia\/\"]}]},{\"@type\":\"ImageObject\",\"inLanguage\":\"es\",\"@id\":\"https:\/\/glendagarcia.mx\/index.php\/glenda-garcia-biografia\/#primaryimage\",\"url\":\"http:\/\/glendagarcia.mx\/wp-content\/uploads\/2025\/02\/475468538_1178102900340946_7059085301469598995_n-817x1024.jpg\",\"contentUrl\":\"http:\/\/glendagarcia.mx\/wp-content\/uploads\/2025\/02\/475468538_1178102900340946_7059085301469598995_n-817x1024.jpg\"},{\"@type\":\"BreadcrumbList\",\"@id\":\"https:\/\/glendagarcia.mx\/index.php\/glenda-garcia-biografia\/#breadcrumb\",\"itemListElement\":[{\"@type\":\"ListItem\",\"position\":1,\"name\":\"Portada\",\"item\":\"https:\/\/glendagarcia.mx\/\"},{\"@type\":\"ListItem\",\"position\":2,\"name\":\"Glenda Garc\u00eda | Biograf\u00eda\"}]},{\"@type\":\"WebSite\",\"@id\":\"https:\/\/glendagarcia.mx\/#website\",\"url\":\"https:\/\/glendagarcia.mx\/\",\"name\":\"Glenda Garc\u00eda Oficial\",\"description\":\"\",\"potentialAction\":[{\"@type\":\"SearchAction\",\"target\":{\"@type\":\"EntryPoint\",\"urlTemplate\":\"https:\/\/glendagarcia.mx\/?s={search_term_string}\"},\"query-input\":{\"@type\":\"PropertyValueSpecification\",\"valueRequired\":true,\"valueName\":\"search_term_string\"}}],\"inLanguage\":\"es\"}]}<\/script>\n<!-- \/ Yoast SEO Premium plugin. -->","yoast_head_json":{"title":"Glenda Garc\u00eda | Biograf\u00eda - Glenda Garc\u00eda Oficial","robots":{"index":"index","follow":"follow","max-snippet":"max-snippet:-1","max-image-preview":"max-image-preview:large","max-video-preview":"max-video-preview:-1"},"canonical":"https:\/\/glendagarcia.mx\/index.php\/glenda-garcia-biografia\/","og_locale":"es_MX","og_type":"article","og_title":"Glenda Garc\u00eda | Biograf\u00eda","og_description":"Glenda Garc\u00eda Desde su natal Ciudad Acu\u00f1a, Coahuila, M\u00e9xico, Glenda Garc\u00eda ha tejido su vida con la m\u00fasica. Su viaje comenz\u00f3 a los 6 a\u00f1os, guiada por su abuela en los caminos del piano y el canto. A los 13, descubri\u00f3 en la composici\u00f3n un lenguaje personal y poderoso. Su formaci\u00f3n en el Instituto Canzion ...","og_url":"https:\/\/glendagarcia.mx\/index.php\/glenda-garcia-biografia\/","og_site_name":"Glenda Garc\u00eda Oficial","article_modified_time":"2025-02-26T22:45:59+00:00","og_image":[{"url":"http:\/\/glendagarcia.mx\/wp-content\/uploads\/2025\/02\/475468538_1178102900340946_7059085301469598995_n-817x1024.jpg","type":"","width":"","height":""}],"twitter_card":"summary_large_image","twitter_misc":{"Tiempo de lectura":"2 minutos"},"schema":{"@context":"https:\/\/schema.org","@graph":[{"@type":"WebPage","@id":"https:\/\/glendagarcia.mx\/index.php\/glenda-garcia-biografia\/","url":"https:\/\/glendagarcia.mx\/index.php\/glenda-garcia-biografia\/","name":"Glenda Garc\u00eda | Biograf\u00eda - Glenda Garc\u00eda Oficial","isPartOf":{"@id":"https:\/\/glendagarcia.mx\/#website"},"primaryImageOfPage":{"@id":"https:\/\/glendagarcia.mx\/index.php\/glenda-garcia-biografia\/#primaryimage"},"image":{"@id":"https:\/\/glendagarcia.mx\/index.php\/glenda-garcia-biografia\/#primaryimage"},"thumbnailUrl":"http:\/\/glendagarcia.mx\/wp-content\/uploads\/2025\/02\/475468538_1178102900340946_7059085301469598995_n-817x1024.jpg","datePublished":"2025-02-26T22:38:56+00:00","dateModified":"2025-02-26T22:45:59+00:00","breadcrumb":{"@id":"https:\/\/glendagarcia.mx\/index.php\/glenda-garcia-biografia\/#breadcrumb"},"inLanguage":"es","potentialAction":[{"@type":"ReadAction","target":["https:\/\/glendagarcia.mx\/index.php\/glenda-garcia-biografia\/"]}]},{"@type":"ImageObject","inLanguage":"es","@id":"https:\/\/glendagarcia.mx\/index.php\/glenda-garcia-biografia\/#primaryimage","url":"http:\/\/glendagarcia.mx\/wp-content\/uploads\/2025\/02\/475468538_1178102900340946_7059085301469598995_n-817x1024.jpg","contentUrl":"http:\/\/glendagarcia.mx\/wp-content\/uploads\/2025\/02\/475468538_1178102900340946_7059085301469598995_n-817x1024.jpg"},{"@type":"BreadcrumbList","@id":"https:\/\/glendagarcia.mx\/index.php\/glenda-garcia-biografia\/#breadcrumb","itemListElement":[{"@type":"ListItem","position":1,"name":"Portada","item":"https:\/\/glendagarcia.mx\/"},{"@type":"ListItem","position":2,"name":"Glenda Garc\u00eda | Biograf\u00eda"}]},{"@type":"WebSite","@id":"https:\/\/glendagarcia.mx\/#website","url":"https:\/\/glendagarcia.mx\/","name":"Glenda Garc\u00eda Oficial","description":"","potentialAction":[{"@type":"SearchAction","target":{"@type":"EntryPoint","urlTemplate":"https:\/\/glendagarcia.mx\/?s={search_term_string}"},"query-input":{"@type":"PropertyValueSpecification","valueRequired":true,"valueName":"search_term_string"}}],"inLanguage":"es"}]}},"_links":{"self":[{"href":"https:\/\/glendagarcia.mx\/index.php\/wp-json\/wp\/v2\/pages\/1750","targetHints":{"allow":["GET"]}}],"collection":[{"href":"https:\/\/glendagarcia.mx\/index.php\/wp-json\/wp\/v2\/pages"}],"about":[{"href":"https:\/\/glendagarcia.mx\/index.php\/wp-json\/wp\/v2\/types\/page"}],"author":[{"embeddable":true,"href":"https:\/\/glendagarcia.mx\/index.php\/wp-json\/wp\/v2\/users\/1"}],"replies":[{"embeddable":true,"href":"https:\/\/glendagarcia.mx\/index.php\/wp-json\/wp\/v2\/comments?post=1750"}],"version-history":[{"count":16,"href":"https:\/\/glendagarcia.mx\/index.php\/wp-json\/wp\/v2\/pages\/1750\/revisions"}],"predecessor-version":[{"id":1770,"href":"https:\/\/glendagarcia.mx\/index.php\/wp-json\/wp\/v2\/pages\/1750\/revisions\/1770"}],"wp:attachment":[{"href":"https:\/\/glendagarcia.mx\/index.php\/wp-json\/wp\/v2\/media?parent=1750"}],"curies":[{"name":"wp","href":"https:\/\/api.w.org\/{rel}","templated":true}]}}